{"id":7564,"date":"2018-04-11T15:25:08","date_gmt":"2018-04-11T13:25:08","guid":{"rendered":"https:\/\/puhalskadesign.pl\/oferta-wspolpraca\/wnetrza-komercyjne\/"},"modified":"2023-08-31T11:35:25","modified_gmt":"2023-08-31T09:35:25","slug":"wnetrza-komercyjne","status":"publish","type":"page","link":"https:\/\/puhalskadesign.pl\/en\/oferta-wspolpraca\/wnetrza-komercyjne\/","title":{"rendered":"Wn\u0119trza komercyjne"},"content":{"rendered":"<section class=\"l-section wpb_row height_medium\"><div class=\"l-section-h i-cf\"><div class=\"g-cols vc_row via_flex valign_top type_default stacking_default\"><div class=\"vc_col-sm-8 wpb_column vc_column_container\"><div class=\"vc_column-inner\"><div class=\"wpb_wrapper\">[vc_custom_heading text=&#8221;Wn\u0119trza komercyjne&#8221; font_container=&#8221;tag:h1|text_align:left&#8221; use_theme_fonts=&#8221;yes&#8221;]<div class=\"w-separator size_small\"><\/div><div class=\"wpb_text_column\"><div class=\"wpb_wrapper\"><h4>OFERTA WSP\u00d3\u0141PRACY:<\/h4>\n<p><strong>(W oparciu o ustalony bud\u017cet)<\/strong><\/p>\n<\/div><\/div><div class=\"w-separator size_small\"><\/div><div class=\"g-cols wpb_row via_flex valign_top type_default stacking_default\"><div class=\"vc_col-sm-12 wpb_column vc_column_container\"><div class=\"vc_column-inner\"><div class=\"wpb_wrapper\"><div class=\"wpb_text_column\"><div class=\"wpb_wrapper\"><p><strong><span style=\"text-decoration: underline;\">KOMERCYJNY<\/span><u>\u00a0PROJEKT \u2013 <\/u><u>ESTETYCZNY I FUNKCJONALNY <\/u><\/strong><\/p>\n<p><strong>Zestawienie prac projektowych (skr\u00f3t):<\/strong><\/p>\n<\/div><\/div><div class=\"uavc-list-icon uavc-list-icon-wrapper ult-adjust-bottom-margin   \"><ul class=\"uavc-list\"><li><div class=\"uavc-list-content\" id=\"list-icon-wrap-8545\">\n<div class=\"uavc-list-icon  \" data-animation=\"\" data-animation-delay=\"03\" style=\"margin-right:10px;\"><div class=\"ult-just-icon-wrapper  \"><div class=\"align-icon\" style=\"text-align:center;\">\n<div class=\"aio-icon none \"  style=\"color:#333333;font-size:15px;display:inline-block;\">\n\t<i class=\"Defaults-check\"><\/i>\n<\/div><\/div><\/div>\n<\/div><span  data-ultimate-target='#list-icon-wrap-8545 .uavc-list-desc'  data-responsive-json-new='{\"font-size\":\"\",\"line-height\":\"\"}'  class=\"uavc-list-desc ult-responsive\" style=\"\">Pomiary pomieszcze\u0144 \u2013 inwentaryzacja; \u00ad<\/span><\/div><\/li><li><div class=\"uavc-list-content\" id=\"list-icon-wrap-3852\">\n<div class=\"uavc-list-icon  \" data-animation=\"\" data-animation-delay=\"03\" style=\"margin-right:10px;\"><div class=\"ult-just-icon-wrapper  \"><div class=\"align-icon\" style=\"text-align:center;\">\n<div class=\"aio-icon none \"  style=\"color:#333333;font-size:15px;display:inline-block;\">\n\t<i class=\"Defaults-check\"><\/i>\n<\/div><\/div><\/div>\n<\/div><span  data-ultimate-target='#list-icon-wrap-3852 .uavc-list-desc'  data-responsive-json-new='{\"font-size\":\"\",\"line-height\":\"\"}'  class=\"uavc-list-desc ult-responsive\" style=\"\">Spotkanie na kt\u00f3rym okre\u015blane s\u0105 oczekiwania inwestora: za\u0142o\u017cenia projektowe, preferowane rozwi\u0105zania funkcjonalne i estetyczne. <u>Wype\u0142nienie ankiety z klientem;<\/u><\/span><\/div><\/li><li><div class=\"uavc-list-content\" id=\"list-icon-wrap-3728\">\n<div class=\"uavc-list-icon  \" data-animation=\"\" data-animation-delay=\"03\" style=\"margin-right:10px;\"><div class=\"ult-just-icon-wrapper  \"><div class=\"align-icon\" style=\"text-align:center;\">\n<div class=\"aio-icon none \"  style=\"color:#333333;font-size:15px;display:inline-block;\">\n\t<i class=\"Defaults-check\"><\/i>\n<\/div><\/div><\/div>\n<\/div><span  data-ultimate-target='#list-icon-wrap-3728 .uavc-list-desc'  data-responsive-json-new='{\"font-size\":\"\",\"line-height\":\"\"}'  class=\"uavc-list-desc ult-responsive\" style=\"\">Wizualizacja w uj\u0119ciu 3D w kilku perspektywach ka\u017cdego z pomieszcze\u0144;<\/span><\/div><\/li><li><div class=\"uavc-list-content\" id=\"list-icon-wrap-7356\">\n<div class=\"uavc-list-icon  \" data-animation=\"\" data-animation-delay=\"03\" style=\"margin-right:10px;\"><div class=\"ult-just-icon-wrapper  \"><div class=\"align-icon\" style=\"text-align:center;\">\n<div class=\"aio-icon none \"  style=\"color:#333333;font-size:15px;display:inline-block;\">\n\t<i class=\"Defaults-check\"><\/i>\n<\/div><\/div><\/div>\n<\/div><span  data-ultimate-target='#list-icon-wrap-7356 .uavc-list-desc'  data-responsive-json-new='{\"font-size\":\"\",\"line-height\":\"\"}'  class=\"uavc-list-desc ult-responsive\" style=\"\"><u>Opracowanie techniczne \u2013 min 20 rysunk\u00f3w ( w zale\u017cno\u015bci od wielko\u015bci inwestycji\u00a0)<\/u><\/span><\/div><\/li><li><div class=\"uavc-list-content\" id=\"list-icon-wrap-9805\">\n<div class=\"uavc-list-icon  \" data-animation=\"\" data-animation-delay=\"03\" style=\"margin-right:10px;\"><div class=\"ult-just-icon-wrapper  \"><div class=\"align-icon\" style=\"text-align:center;\">\n<div class=\"aio-icon none \"  style=\"color:#333333;font-size:15px;display:inline-block;\">\n\t<i class=\"Defaults-check\"><\/i>\n<\/div><\/div><\/div>\n<\/div><span  data-ultimate-target='#list-icon-wrap-9805 .uavc-list-desc'  data-responsive-json-new='{\"font-size\":\"\",\"line-height\":\"\"}'  class=\"uavc-list-desc ult-responsive\" style=\"\">Zestawienie ilo\u015bciowe proponowanych materia\u0142\u00f3w wyko\u0144czeniowych i ca\u0142ego wyposa\u017cenia uwzgl\u0119dnionego w projekcie, oraz propozycje gdzie to mo\u017cna kupi\u0107 lub zam\u00f3wi\u0107;<\/span><\/div><\/li><li><div class=\"uavc-list-content\" id=\"list-icon-wrap-1640\">\n<div class=\"uavc-list-icon  \" data-animation=\"\" data-animation-delay=\"03\" style=\"margin-right:10px;\"><div class=\"ult-just-icon-wrapper  \"><div class=\"align-icon\" style=\"text-align:center;\">\n<div class=\"aio-icon none \"  style=\"color:#333333;font-size:15px;display:inline-block;\">\n\t<i class=\"Defaults-check\"><\/i>\n<\/div><\/div><\/div>\n<\/div><span  data-ultimate-target='#list-icon-wrap-1640 .uavc-list-desc'  data-responsive-json-new='{\"font-size\":\"\",\"line-height\":\"\"}'  class=\"uavc-list-desc ult-responsive\" style=\"\">Projekt mebli na indywidualne zam\u00f3wienie;<\/span><\/div><\/li><li><div class=\"uavc-list-content\" id=\"list-icon-wrap-1861\">\n<div class=\"uavc-list-icon  \" data-animation=\"\" data-animation-delay=\"03\" style=\"margin-right:10px;\"><div class=\"ult-just-icon-wrapper  \"><div class=\"align-icon\" style=\"text-align:center;\">\n<div class=\"aio-icon none \"  style=\"color:#333333;font-size:15px;display:inline-block;\">\n\t<i class=\"Defaults-check\"><\/i>\n<\/div><\/div><\/div>\n<\/div><span  data-ultimate-target='#list-icon-wrap-1861 .uavc-list-desc'  data-responsive-json-new='{\"font-size\":\"\",\"line-height\":\"\"}'  class=\"uavc-list-desc ult-responsive\" style=\"\">Projekt element\u00f3w ze szk\u0142a;<\/span><\/div><\/li><\/ul><\/div><div class=\"wpb_text_column\"><div class=\"wpb_wrapper\"><p><em>Projekt przekazywany jest w formie drukowanej wizualizacji i dokumentacji technicznej jako kompletne opracowanie w 1 egzemplarze, a tak\u017ce w formie elektronicznej. <\/em><\/p>\n<p>Termin realizacji <span style=\"text-decoration: underline;\">Standardowego\u00a0projektu<\/span> ustalany indywidualnie w zale\u017cno\u015bci od rodzaju inwestycji.<\/p>\n<p>&nbsp;<\/p>\n<p>&nbsp;<\/p>\n<\/div><\/div><\/div><\/div><\/div><\/div><div class=\"g-cols wpb_row via_flex valign_top type_default stacking_default\"><div class=\"vc_col-sm-12 wpb_column vc_column_container\"><div class=\"vc_column-inner\"><div class=\"wpb_wrapper\"><div class=\"wpb_text_column\"><div class=\"wpb_wrapper\"><p><strong><u>NADZ\u00d3R AUTORSKI<\/u><\/strong><\/p>\n<\/div><\/div><div class=\"w-separator size_small\"><\/div><div class=\"wpb_text_column\"><div class=\"wpb_wrapper\"><p>Sukces inwestycji \u2013 to przemy\u015blany plan, kt\u00f3ry gwarantuje, i\u017c realizowana inwestycja b\u0119dzie odpowiada\u0107 za\u0142o\u017ceniom projektowym. Nadz\u00f3r autorski to przyjazdy Projektanta na miejsce realizacji projektu wn\u0119trz i <u>kontrola jako\u015bci wykonanych prac<\/u>. Przy ka\u017cdym wyje\u017adzie Projektanta na budow\u0119 wype\u0142niany jest Formularz Nadzoru Autorskiego i podpisany przez uczestnik\u00f3w spotkania: Projektanta, Inwestora i Wykonawc\u00f3w. Ten spos\u00f3b wsp\u00f3\u0142pracy pozwala na wyeliminowanie wi\u0119kszo\u015bci b\u0142\u0119d\u00f3w i uchybie\u0144 na pocz\u0105tkowym etapie budowy, o kt\u00f3rych inwestor b\u0119dzie natychmiast informowany. Sta\u0142y kontakt z klientem &#8211; nieograniczone konsultacje w biurze PUHALSKA DESIGN, a tak \u017ce poprzez e-mail i telefon, SKYPE, Viber, Messenger i t.p.<\/p>\n<\/div><\/div><\/div><\/div><\/div><\/div><\/div><\/div><\/div><div class=\"vc_col-sm-4 wpb_column vc_column_container\"><div class=\"vc_column-inner\"><div class=\"wpb_wrapper\"><div class=\"w-image align_none\"><div url class=\"w-image-h\"><img width=\"350\" height=\"350\" src=\"https:\/\/puhalskadesign.pl\/wp-content\/uploads\/2018\/04\/lampa-600x600.jpg\" class=\"attachment-us_350_350_crop size-us_350_350_crop\" alt=\"\" decoding=\"async\" srcset=\"https:\/\/puhalskadesign.pl\/wp-content\/uploads\/2018\/04\/lampa-600x600.jpg 600w, https:\/\/puhalskadesign.pl\/wp-content\/uploads\/2018\/04\/lampa-150x150.jpg 150w, https:\/\/puhalskadesign.pl\/wp-content\/uploads\/2018\/04\/lampa-350x350.jpg 350w\" sizes=\"(max-width: 350px) 100vw, 350px\" \/><\/div><\/div><div class=\"w-separator size_custom\" style=\"height:400px\"><\/div><div class=\"w-image align_none\"><div url class=\"w-image-h\"><img width=\"350\" height=\"350\" src=\"https:\/\/puhalskadesign.pl\/wp-content\/uploads\/2018\/04\/fotel-600x600.jpg\" class=\"attachment-us_350_350_crop size-us_350_350_crop\" alt=\"\" decoding=\"async\" srcset=\"https:\/\/puhalskadesign.pl\/wp-content\/uploads\/2018\/04\/fotel-600x600.jpg 600w, https:\/\/puhalskadesign.pl\/wp-content\/uploads\/2018\/04\/fotel-150x150.jpg 150w, https:\/\/puhalskadesign.pl\/wp-content\/uploads\/2018\/04\/fotel-350x350.jpg 350w\" sizes=\"(max-width: 350px) 100vw, 350px\" \/><\/div><\/div><\/div><\/div><\/div><\/div><\/div><\/section><section class=\"l-section wpb_row height_medium color_alternate\"><div class=\"l-section-h i-cf\"><div class=\"g-cols vc_row via_flex valign_top type_default stacking_default\"><div class=\"vc_col-sm-4 wpb_column vc_column_container\"><div class=\"vc_column-inner\"><div class=\"wpb_wrapper\"><div class=\"w-iconbox iconpos_top style_default color_secondary align_center\"><div class=\"w-iconbox-icon\" style=\"font-size:32px;\"><i class=\"far fa-star\"><\/i><\/div><div class=\"w-iconbox-meta\"><h3 class=\"w-iconbox-title\">Kompleksowo\u015b\u0107<\/h3><div class=\"w-iconbox-text\"><p>W swoich wn\u0119trzach projektujemy: elektryk\u0119, akustyk\u0119, systemy wodno-kanalizacyjne i wentylacyjne, nietypowe konstrukcje \u015blusarskie. W naszej ofercie znajdziecie Pa\u0144stwo przedmioty projektowane na zam\u00f3wienie: ekskluzywne meble, o\u015bwietlenie, metaloplastyk\u0119, szk\u0142o artystyczne, dekoracje okien. Wsp\u00f3\u0142pracujemy z wieloma uznanymi firmami, kt\u00f3re pomagaj\u0105 w realizacjach najbardziej skomplikowanych projekt\u00f3w. Kompleksowo\u015b\u0107 us\u0142ugi pozwala na skuteczne zako\u0144czenie inwestycji, a sukces ka\u017cdej inwestycji to przemy\u015blany plan.<\/p>\n<\/div><\/div><\/div><\/div><\/div><\/div><div class=\"vc_col-sm-4 wpb_column vc_column_container\"><div class=\"vc_column-inner\"><div class=\"wpb_wrapper\"><div class=\"w-iconbox iconpos_top style_default color_secondary align_center\"><div class=\"w-iconbox-icon\" style=\"font-size:32px;\"><i class=\"far fa-gem\"><\/i><\/div><div class=\"w-iconbox-meta\"><h3 class=\"w-iconbox-title\">Do\u015bwiadczenie<\/h3><div class=\"w-iconbox-text\"><p>Wykonujemy projekty w r\u00f3\u017cnych stylach, jednak nie zapominamy, \u017ce \u017cyjemy w XXI wieku i du\u017cy nacisk k\u0142adziemy na wdro\u017cenie innowacyjnych technologii i materia\u0142\u00f3w w obszarze projektowania. Nawet bardzo nowoczesne i nietypowe aran\u017cacje wn\u0119trz, w swoich za\u0142o\u017ceniach powinny by\u0107 funkcjonalne i praktyczne.<\/p>\n<\/div><\/div><\/div><\/div><\/div><\/div><div class=\"vc_col-sm-4 wpb_column vc_column_container\"><div class=\"vc_column-inner\"><div class=\"wpb_wrapper\"><div class=\"w-iconbox iconpos_top style_default color_secondary align_center\"><div class=\"w-iconbox-icon\" style=\"font-size:32px;\"><i class=\"fas fa-magic\"><\/i><\/div><div class=\"w-iconbox-meta\"><h3 class=\"w-iconbox-title\">Kontrola Jako\u015bci<\/h3><div class=\"w-iconbox-text\"><p>Wi\u0119kszo\u015b\u0107 projekt\u00f3w zosta\u0142o wykonanych i wdro\u017conych kompleksowo pod nadzorem autorskim nad ich realizacj\u0105. Dzi\u0119ki temu zawsze mamy pe\u0142n\u0105 kontrol\u0119 nad wykonawcami, co z kolei pozwala na zachowanie termin\u00f3w i gwarancj\u0119 wysokiej jako\u015bci realizowanego projektu. <\/p>\n<\/div><\/div><\/div><\/div><\/div><\/div><\/div><\/div><\/section><section class=\"l-section wpb_row height_auto width_full\"><div class=\"l-section-h i-cf\"><div class=\"g-cols vc_row via_flex valign_top type_default stacking_default\"><div class=\"vc_col-sm-12 wpb_column vc_column_container\"><div class=\"vc_column-inner\"><div class=\"wpb_wrapper\"><section class=\"l-section wpb_row height_medium\"><div class=\"l-section-h i-cf\"><div class=\"g-cols vc_row via_flex valign_top type_default stacking_default\"><div class=\"vc_col-sm-12 wpb_column vc_column_container\"><div class=\"vc_column-inner\"><div class=\"wpb_wrapper\">[vc_custom_heading text=&#8221;ZAUFALI NAM&#8221; font_container=&#8221;tag:h3|text_align:center&#8221; use_theme_fonts=&#8221;yes&#8221;]<div class=\"w-separator size_small\"><\/div><div id=\"ult-carousel-290390085869f3493fdf0a4\" class=\"ult-carousel-wrapper  footer-carousel ult_horizontal\" data-gutter=\"15\" data-rtl=\"false\" ><div class=\"ult-carousel-305549383569f3493fdf091 \" ><div class=\"ult-item-wrap\" data-animation=\"animated no-animation\"><div class=\"w-image align_center\"><div url class=\"w-image-h\"><img width=\"124\" height=\"74\" src=\"https:\/\/puhalskadesign.pl\/wp-content\/uploads\/2017\/09\/logo-euromilk.jpg\" class=\"attachment-full size-full\" alt=\"\" decoding=\"async\" \/><\/div><\/div><\/div><div class=\"ult-item-wrap\" data-animation=\"animated no-animation\"><div class=\"w-image align_center\"><div url class=\"w-image-h\"><img width=\"350\" height=\"150\" src=\"https:\/\/puhalskadesign.pl\/wp-content\/uploads\/2017\/04\/logo-6.jpg\" class=\"attachment-full size-full\" alt=\"\" decoding=\"async\" srcset=\"https:\/\/puhalskadesign.pl\/wp-content\/uploads\/2017\/04\/logo-6.jpg 350w, https:\/\/puhalskadesign.pl\/wp-content\/uploads\/2017\/04\/logo-6-300x129.jpg 300w\" sizes=\"(max-width: 350px) 100vw, 350px\" \/><\/div><\/div><\/div><div class=\"ult-item-wrap\" data-animation=\"animated no-animation\"><div class=\"w-image align_center\"><div url class=\"w-image-h\"><img width=\"300\" height=\"150\" src=\"https:\/\/puhalskadesign.pl\/wp-content\/uploads\/2017\/04\/logo-5.jpg\" class=\"attachment-full size-full\" alt=\"\" decoding=\"async\" \/><\/div><\/div><\/div><div class=\"ult-item-wrap\" data-animation=\"animated no-animation\"><div class=\"w-image align_center\"><div url class=\"w-image-h\"><img width=\"300\" height=\"150\" src=\"https:\/\/puhalskadesign.pl\/wp-content\/uploads\/2017\/04\/logo-4.jpg\" class=\"attachment-full size-full\" alt=\"\" decoding=\"async\" \/><\/div><\/div><\/div><div class=\"ult-item-wrap\" data-animation=\"animated no-animation\"><div class=\"w-image align_center\"><div url class=\"w-image-h\"><img width=\"300\" height=\"150\" src=\"https:\/\/puhalskadesign.pl\/wp-content\/uploads\/2017\/04\/logo-3.jpg\" class=\"attachment-full size-full\" alt=\"\" decoding=\"async\" \/><\/div><\/div><\/div><div class=\"ult-item-wrap\" data-animation=\"animated no-animation\"><div class=\"w-image align_center\"><div url class=\"w-image-h\"><img width=\"300\" height=\"150\" src=\"https:\/\/puhalskadesign.pl\/wp-content\/uploads\/2017\/04\/logo-1.jpg\" class=\"attachment-full size-full\" alt=\"\" decoding=\"async\" \/><\/div><\/div><\/div><div class=\"ult-item-wrap\" data-animation=\"animated no-animation\"><div class=\"w-image align_center\"><div url class=\"w-image-h\"><img width=\"300\" height=\"150\" src=\"https:\/\/puhalskadesign.pl\/wp-content\/uploads\/2023\/08\/madoenergetyka-logo.jpg\" class=\"attachment-full size-full\" alt=\"\" decoding=\"async\" \/><\/div><\/div><\/div><div class=\"ult-item-wrap\" data-animation=\"animated no-animation\"><div class=\"w-image align_center\"><div url class=\"w-image-h\"><img width=\"300\" height=\"150\" src=\"https:\/\/puhalskadesign.pl\/wp-content\/uploads\/2023\/08\/santa-natura-logo.jpg\" class=\"attachment-full size-full\" alt=\"\" decoding=\"async\" \/><\/div><\/div><\/div><div class=\"ult-item-wrap\" data-animation=\"animated no-animation\"><div class=\"w-image align_center\"><div url class=\"w-image-h\"><img width=\"300\" height=\"150\" src=\"https:\/\/puhalskadesign.pl\/wp-content\/uploads\/2023\/08\/zm-zakrzewscy-logo.jpg\" class=\"attachment-full size-full\" alt=\"\" decoding=\"async\" \/><\/div><\/div><\/div><\/div><\/div>\t\t\t<script type=\"text\/javascript\">\r\n\t\t\t\tjQuery(document).ready(function ($) {\r\n\t\t\t\t\tif( typeof jQuery('.ult-carousel-305549383569f3493fdf091').slick == \"function\"){\r\n\t\t\t\t\t\t$('.ult-carousel-305549383569f3493fdf091').slick({dots: true,autoplay: true,autoplaySpeed: 1500,speed: 500,infinite: true,arrows: false,slidesToScroll:1,slidesToShow:5,swipe: true,draggable: true,touchMove: true,pauseOnHover: true,pauseOnFocus: false,responsive: [\r\n\t\t\t\t\t\t\t{\r\n\t\t\t\t\t\t\t  breakpoint: 1026,\r\n\t\t\t\t\t\t\t  settings: {\r\n\t\t\t\t\t\t\t\tslidesToShow: 5,\r\n\t\t\t\t\t\t\t\tslidesToScroll: 1,  \r\n\t\t\t\t\t\t\t  }\r\n\t\t\t\t\t\t\t},\r\n\t\t\t\t\t\t\t{\r\n\t\t\t\t\t\t\t  breakpoint: 1025,\r\n\t\t\t\t\t\t\t  settings: {\r\n\t\t\t\t\t\t\t\tslidesToShow: 4,\r\n\t\t\t\t\t\t\t\tslidesToScroll: 1\r\n\t\t\t\t\t\t\t  }\r\n\t\t\t\t\t\t\t},\r\n\t\t\t\t\t\t\t{\r\n\t\t\t\t\t\t\t  breakpoint: 760,\r\n\t\t\t\t\t\t\t  settings: {\r\n\t\t\t\t\t\t\t\tslidesToShow: 2,\r\n\t\t\t\t\t\t\t\tslidesToScroll: 1\r\n\t\t\t\t\t\t\t  }\r\n\t\t\t\t\t\t\t}\r\n\t\t\t\t\t\t],pauseOnDotsHover: true,customPaging: function(slider, i) {\r\n                   return '<i type=\"button\" style= \"color:#727e85;\" class=\"ultsl-record\" data-role=\"none\"><\/i>';\r\n                },});\r\n\t\t\t\t\t}\r\n\t\t\t\t});\r\n\t\t\t<\/script>\r\n\t\t\t<\/div><\/div><\/div><\/div><\/div><\/section>\n<\/div><\/div><\/div><\/div><\/div><\/section>\n","protected":false},"excerpt":{"rendered":"[vc_custom_heading text=\"Wn\u0119trza komercyjne\" font_container=\"tag:h1|text_align:left\" use_theme_fonts=\"yes\"]OFERTA WSP\u00d3\u0141PRACY: (W oparciu o ustalony bud\u017cet) KOMERCYJNY\u00a0PROJEKT \u2013 ESTETYCZNY I FUNKCJONALNY Zestawienie prac projektowych (skr\u00f3t): Pomiary pomieszcze\u0144 \u2013 inwentaryzacja; \u00ad Spotkanie na kt\u00f3rym okre\u015blane s\u0105 oczekiwania inwestora: za\u0142o\u017cenia projektowe, preferowane rozwi\u0105zania funkcjonalne i estetyczne. Wype\u0142nienie ankiety z klientem; Wizualizacja w uj\u0119ciu 3D w kilku perspektywach ka\u017cdego z pomieszcze\u0144; Opracowanie techniczne...","protected":false},"author":1,"featured_media":0,"parent":7561,"menu_order":0,"comment_status":"closed","ping_status":"closed","template":"","meta":{"footnotes":""},"acf":[],"_links":{"self":[{"href":"https:\/\/puhalskadesign.pl\/en\/wp-json\/wp\/v2\/pages\/7564"}],"collection":[{"href":"https:\/\/puhalskadesign.pl\/en\/wp-json\/wp\/v2\/pages"}],"about":[{"href":"https:\/\/puhalskadesign.pl\/en\/wp-json\/wp\/v2\/types\/page"}],"author":[{"embeddable":true,"href":"https:\/\/puhalskadesign.pl\/en\/wp-json\/wp\/v2\/users\/1"}],"replies":[{"embeddable":true,"href":"https:\/\/puhalskadesign.pl\/en\/wp-json\/wp\/v2\/comments?post=7564"}],"version-history":[{"count":1,"href":"https:\/\/puhalskadesign.pl\/en\/wp-json\/wp\/v2\/pages\/7564\/revisions"}],"predecessor-version":[{"id":7566,"href":"https:\/\/puhalskadesign.pl\/en\/wp-json\/wp\/v2\/pages\/7564\/revisions\/7566"}],"up":[{"embeddable":true,"href":"https:\/\/puhalskadesign.pl\/en\/wp-json\/wp\/v2\/pages\/7561"}],"wp:attachment":[{"href":"https:\/\/puhalskadesign.pl\/en\/wp-json\/wp\/v2\/media?parent=7564"}],"curies":[{"name":"wp","href":"https:\/\/api.w.org\/{rel}","templated":true}]}}