{"id":1044,"date":"2017-09-25T12:17:50","date_gmt":"2017-09-25T10:17:50","guid":{"rendered":"https:\/\/puhalskadesign.pl\/?page_id=1044"},"modified":"2023-08-31T11:43:17","modified_gmt":"2023-08-31T09:43:17","slug":"tele-gwiazda","status":"publish","type":"page","link":"https:\/\/puhalskadesign.pl\/ru\/tele-gwiazda\/","title":{"rendered":"Tele Gwiazda"},"content":{"rendered":"<section class=\"l-section wpb_row height_medium\"><div class=\"l-section-h i-cf\"><div class=\"g-cols vc_row via_flex valign_top type_default stacking_default\"><div class=\"vc_col-sm-8 wpb_column vc_column_container\"><div class=\"vc_column-inner\"><div class=\"wpb_wrapper\"><div id=\"ultimate-heading-387269f3a9732d3c3\" class=\"uvc-heading ult-adjust-bottom-margin ultimate-heading-387269f3a9732d3c3 uvc-8398 \" data-hspacer=\"no_spacer\"  data-halign=\"left\" style=\"text-align:left\"><div class=\"uvc-heading-spacer no_spacer\" style=\"top\"><\/div><div class=\"uvc-main-heading ult-responsive\"  data-ultimate-target='.uvc-heading.ultimate-heading-387269f3a9732d3c3 h1'  data-responsive-json-new='{\"font-size\":\"\",\"line-height\":\"\"}' ><h1 style=\"font-weight:normal;margin-bottom:20px;\">Tele Gwiazda<\/h1><\/div><\/div><div class=\"wpb_text_column\"><div class=\"wpb_wrapper\"><p align=\"justify\">\u00a0 \u00a0Statuetka &#171;Tele Gwiazda&#187; to najwa\u017cniejsza nagroda telewizyjna w Ukrainie przyznawana przez widz\u00f3w za osi\u0105gni\u0119cia telewizyjne dla aktor\u00f3w, re\u017cyser\u00f3w, producent\u00f3w kinowych i telewizyjnych, prezenter\u00f3w i juror\u00f3w, a tak\u017ce dla najlepszych aktualnie seriali oraz program\u00f3w rozrywkowych.<\/p>\n<\/div><\/div><\/div><\/div><\/div><div class=\"vc_col-sm-4 wpb_column vc_column_container\"><div class=\"vc_column-inner\"><div class=\"wpb_wrapper\"><div class=\"w-image align_center\"><div url class=\"w-image-h\"><img width=\"145\" height=\"350\" src=\"https:\/\/puhalskadesign.pl\/wp-content\/uploads\/2017\/09\/statuetka-telegwiazda.jpg\" class=\"attachment-us_600_600_crop size-us_600_600_crop\" alt=\"\" decoding=\"async\" srcset=\"https:\/\/puhalskadesign.pl\/wp-content\/uploads\/2017\/09\/statuetka-telegwiazda.jpg 145w, https:\/\/puhalskadesign.pl\/wp-content\/uploads\/2017\/09\/statuetka-telegwiazda-124x300.jpg 124w\" sizes=\"(max-width: 145px) 100vw, 145px\" \/><\/div><\/div><\/div><\/div><\/div><\/div><\/div><\/section><section class=\"l-section wpb_row height_medium\"><div class=\"l-section-h i-cf\"><div class=\"g-cols vc_row via_flex valign_top type_default stacking_default\"><div class=\"vc_col-sm-12 wpb_column vc_column_container\"><div class=\"vc_column-inner\"><div class=\"wpb_wrapper\"><div class=\"wpb_text_column\"><div class=\"wpb_wrapper\"><style type=\"text\/css\" scoped>.rbs_gallery_69f3a9732e661Spinner{\r\n\t\t\t\tmargin: 50px auto;\r\n\t\t\t\twidth: 50px;\r\n\t\t\t\theight: 40px;\r\n\t\t\t\ttext-align: center;\r\n\t\t\t\tfont-size: 10px;\r\n\t\t\t}\r\n\t\t\t.rbs_gallery_69f3a9732e661Spinner > div{\r\n\t\t\t  background-color: #333;\r\n\t\t\t  height: 100%;\r\n\t\t\t  width: 6px;\r\n\t\t\t  display: inline-block;\r\n\t\t\t  -webkit-animation: rbs_gallery_69f3a9732e661-stretchdelay 1.2s infinite ease-in-out;\r\n\t\t\t  animation: rbs_gallery_69f3a9732e661-stretchdelay 1.2s infinite ease-in-out;\r\n\t\t\t}\r\n\t\t\t.rbs_gallery_69f3a9732e661Spinner .rbs_gallery_69f3a9732e661Rect2 {\r\n\t\t\t  -webkit-animation-delay: -1.1s;\r\n\t\t\t  animation-delay: -1.1s;\r\n\t\t\t}\r\n\t\t\t.rbs_gallery_69f3a9732e661Spinner .rbs_gallery_69f3a9732e661Rect3 {\r\n\t\t\t  -webkit-animation-delay: -1.0s;\r\n\t\t\t  animation-delay: -1.0s;\r\n\t\t\t}\r\n\t\t\t.rbs_gallery_69f3a9732e661Spinner .rbs_gallery_69f3a9732e661Rect4 {\r\n\t\t\t  -webkit-animation-delay: -0.9s;\r\n\t\t\t  animation-delay: -0.9s;\r\n\t\t\t}\r\n\t\t\t.rbs_gallery_69f3a9732e661Spinner .rbs_gallery_69f3a9732e661Rect5 {\r\n\t\t\t  -webkit-animation-delay: -0.8s;\r\n\t\t\t  animation-delay: -0.8s;\r\n\t\t\t}\r\n\t\t\t@-webkit-keyframes rbs_gallery_69f3a9732e661-stretchdelay {\r\n\t\t\t  0%, 40%, 100% { -webkit-transform: scaleY(0.4) }  \r\n\t\t\t  20% { -webkit-transform: scaleY(1.0) }\r\n\t\t\t}\r\n\t\t\t@keyframes rbs_gallery_69f3a9732e661-stretchdelay {\r\n\t\t\t  0%, 40%, 100% { \r\n\t\t\t    transform: scaleY(0.4);\r\n\t\t\t    -webkit-transform: scaleY(0.4);\r\n\t\t\t  }  20% { \r\n\t\t\t    transform: scaleY(1.0);\r\n\t\t\t    -webkit-transform: scaleY(1.0);\r\n\t\t\t  }\r\n\t\t\t}\r\n\t\t<\/style><div class=\"robo-gallery-wrap robo-gallery-wrap-id5766 robo-gallery-\" ><div id=\"rbs_gallery_69f3a9732e661-block-loader\" class=\"rbs_gallery_69f3a9732e661Spinner\"><div class=\"rbs_gallery_69f3a9732e661Rect1\"><\/div> <div class=\"rbs_gallery_69f3a9732e661Rect2\"><\/div> <div class=\"rbs_gallery_69f3a9732e661Rect3\"><\/div> <div class=\"rbs_gallery_69f3a9732e661Rect4\"><\/div> <div class=\"rbs_gallery_69f3a9732e661Rect5\"><\/div><\/div><div id=\"robo_gallery_main_block_rbs_gallery_69f3a9732e661\" class=\"robogallery-gallery-5766\" style=\"width:100%;margin:0 auto;  display: none;\"><div id=\"rbs_gallery_69f3a9732e661\" data-options=\"rbs_gallery_69f3a9732e661\" style=\"width:100%;\" class=\"robo_gallery  \"><div class=\"rbs-img  category5766 \" ><div class=\"rbs-img-image   rbs-lightbox \" ><div class=\"rbs-img-thumbs\"  data-thumbnail=\"https:\/\/puhalskadesign.pl\/wp-content\/uploads\/2023\/08\/tele-gwiazda-new-08.jpg\"  title=\"tele-gwiazda-new-08\"  data-width=\"467\"  data-height=\"624\" ><\/div><div class=\"rbs-img-data-popup\"  data-popup=\"https:\/\/puhalskadesign.pl\/wp-content\/uploads\/2023\/08\/tele-gwiazda-new-08.jpg\"  title=\"tele-gwiazda-new-08\" ><\/div><div class=\"thumbnail-overlay\"><div class=\"rbsIcons\"><i class=\"fa fa-search-plus rbsZoomIcon \" ><\/i><\/div><\/div><\/div><\/div><div class=\"rbs-img  category5766 \" ><div class=\"rbs-img-image   rbs-lightbox \" ><div class=\"rbs-img-thumbs\"  data-thumbnail=\"https:\/\/puhalskadesign.pl\/wp-content\/uploads\/2023\/08\/tele-gwiazda-new-02.jpg\"  title=\"tele-gwiazda-new-02\"  data-width=\"309\"  data-height=\"450\" ><\/div><div class=\"rbs-img-data-popup\"  data-popup=\"https:\/\/puhalskadesign.pl\/wp-content\/uploads\/2023\/08\/tele-gwiazda-new-02.jpg\"  title=\"tele-gwiazda-new-02\" ><\/div><div class=\"thumbnail-overlay\"><div class=\"rbsIcons\"><i class=\"fa fa-search-plus rbsZoomIcon \" ><\/i><\/div><\/div><\/div><\/div><div class=\"rbs-img  category5766 \" ><div class=\"rbs-img-image   rbs-lightbox \" ><div class=\"rbs-img-thumbs\"  data-thumbnail=\"https:\/\/puhalskadesign.pl\/wp-content\/uploads\/2023\/08\/tele-gwiazda-new-03.jpg\"  title=\"tele-gwiazda-new-03\"  data-width=\"587\"  data-height=\"401\" ><\/div><div class=\"rbs-img-data-popup\"  data-popup=\"https:\/\/puhalskadesign.pl\/wp-content\/uploads\/2023\/08\/tele-gwiazda-new-03.jpg\"  title=\"tele-gwiazda-new-03\" ><\/div><div class=\"thumbnail-overlay\"><div class=\"rbsIcons\"><i class=\"fa fa-search-plus rbsZoomIcon \" ><\/i><\/div><\/div><\/div><\/div><div class=\"rbs-img  category5766 \" ><div class=\"rbs-img-image   rbs-lightbox \" ><div class=\"rbs-img-thumbs\"  data-thumbnail=\"https:\/\/puhalskadesign.pl\/wp-content\/uploads\/2023\/08\/tele-gwiazda-new-04.jpg\"  title=\"tele-gwiazda-new-04\"  data-width=\"600\"  data-height=\"399\" ><\/div><div class=\"rbs-img-data-popup\"  data-popup=\"https:\/\/puhalskadesign.pl\/wp-content\/uploads\/2023\/08\/tele-gwiazda-new-04.jpg\"  title=\"tele-gwiazda-new-04\" ><\/div><div class=\"thumbnail-overlay\"><div class=\"rbsIcons\"><i class=\"fa fa-search-plus rbsZoomIcon \" ><\/i><\/div><\/div><\/div><\/div><div class=\"rbs-img  category5766 \" ><div class=\"rbs-img-image   rbs-lightbox \" ><div class=\"rbs-img-thumbs\"  data-thumbnail=\"https:\/\/puhalskadesign.pl\/wp-content\/uploads\/2023\/08\/tele-gwiazda-new-05.jpg\"  title=\"tele-gwiazda-new-05\"  data-width=\"595\"  data-height=\"408\" ><\/div><div class=\"rbs-img-data-popup\"  data-popup=\"https:\/\/puhalskadesign.pl\/wp-content\/uploads\/2023\/08\/tele-gwiazda-new-05.jpg\"  title=\"tele-gwiazda-new-05\" ><\/div><div class=\"thumbnail-overlay\"><div class=\"rbsIcons\"><i class=\"fa fa-search-plus rbsZoomIcon \" ><\/i><\/div><\/div><\/div><\/div><div class=\"rbs-img  category5766 \" ><div class=\"rbs-img-image   rbs-lightbox \" ><div class=\"rbs-img-thumbs\"  data-thumbnail=\"https:\/\/puhalskadesign.pl\/wp-content\/uploads\/2023\/08\/tele-gwiazda-new-06.jpg\"  title=\"tele-gwiazda-new-06\"  data-width=\"600\"  data-height=\"418\" ><\/div><div class=\"rbs-img-data-popup\"  data-popup=\"https:\/\/puhalskadesign.pl\/wp-content\/uploads\/2023\/08\/tele-gwiazda-new-06.jpg\"  title=\"tele-gwiazda-new-06\" ><\/div><div class=\"thumbnail-overlay\"><div class=\"rbsIcons\"><i class=\"fa fa-search-plus rbsZoomIcon \" ><\/i><\/div><\/div><\/div><\/div><div class=\"rbs-img  category5766 \" ><div class=\"rbs-img-image   rbs-lightbox \" ><div class=\"rbs-img-thumbs\"  data-thumbnail=\"https:\/\/puhalskadesign.pl\/wp-content\/uploads\/2023\/08\/tele-gwiazda-new-01-643x1024.jpg\"  title=\"tele-gwiazda-new-01\"  data-width=\"643\"  data-height=\"1024\" ><\/div><div class=\"rbs-img-data-popup\"  data-popup=\"https:\/\/puhalskadesign.pl\/wp-content\/uploads\/2023\/08\/tele-gwiazda-new-01.jpg\"  title=\"tele-gwiazda-new-01\" ><\/div><div class=\"thumbnail-overlay\"><div class=\"rbsIcons\"><i class=\"fa fa-search-plus rbsZoomIcon \" ><\/i><\/div><\/div><\/div><\/div><div class=\"rbs-img  category5766 \" ><div class=\"rbs-img-image   rbs-lightbox \" ><div class=\"rbs-img-thumbs\"  data-thumbnail=\"https:\/\/puhalskadesign.pl\/wp-content\/uploads\/2023\/08\/tele-gwiazda-new-09.jpg\"  title=\"tele-gwiazda-new-09\"  data-width=\"300\"  data-height=\"444\" ><\/div><div class=\"rbs-img-data-popup\"  data-popup=\"https:\/\/puhalskadesign.pl\/wp-content\/uploads\/2023\/08\/tele-gwiazda-new-09.jpg\"  title=\"tele-gwiazda-new-09\" ><\/div><div class=\"thumbnail-overlay\"><div class=\"rbsIcons\"><i class=\"fa fa-search-plus rbsZoomIcon \" ><\/i><\/div><\/div><\/div><\/div><div class=\"rbs-img  category5766 \" ><div class=\"rbs-img-image   rbs-lightbox \" ><div class=\"rbs-img-thumbs\"  data-thumbnail=\"https:\/\/puhalskadesign.pl\/wp-content\/uploads\/2023\/08\/tele-gwiazda-new-10.jpg\"  title=\"tele-gwiazda-new-10\"  data-width=\"470\"  data-height=\"707\" ><\/div><div class=\"rbs-img-data-popup\"  data-popup=\"https:\/\/puhalskadesign.pl\/wp-content\/uploads\/2023\/08\/tele-gwiazda-new-10.jpg\"  title=\"tele-gwiazda-new-10\" ><\/div><div class=\"thumbnail-overlay\"><div class=\"rbsIcons\"><i class=\"fa fa-search-plus rbsZoomIcon \" ><\/i><\/div><\/div><\/div><\/div><div class=\"rbs-img  category5766 \" ><div class=\"rbs-img-image   rbs-lightbox \" ><div class=\"rbs-img-thumbs\"  data-thumbnail=\"https:\/\/puhalskadesign.pl\/wp-content\/uploads\/2023\/08\/tele-gwiazda-new-11.jpg\"  title=\"tele-gwiazda-new-11\"  data-width=\"620\"  data-height=\"851\" ><\/div><div class=\"rbs-img-data-popup\"  data-popup=\"https:\/\/puhalskadesign.pl\/wp-content\/uploads\/2023\/08\/tele-gwiazda-new-11.jpg\"  title=\"tele-gwiazda-new-11\" ><\/div><div class=\"thumbnail-overlay\"><div class=\"rbsIcons\"><i class=\"fa fa-search-plus rbsZoomIcon \" ><\/i><\/div><\/div><\/div><\/div><div class=\"rbs-img  category5766 \" ><div class=\"rbs-img-image   rbs-lightbox \" ><div class=\"rbs-img-thumbs\"  data-thumbnail=\"https:\/\/puhalskadesign.pl\/wp-content\/uploads\/2023\/08\/tele-gwiazda-new-12.jpg\"  title=\"tele-gwiazda-new-12\"  data-width=\"600\"  data-height=\"900\" ><\/div><div class=\"rbs-img-data-popup\"  data-popup=\"https:\/\/puhalskadesign.pl\/wp-content\/uploads\/2023\/08\/tele-gwiazda-new-12.jpg\"  title=\"tele-gwiazda-new-12\" ><\/div><div class=\"thumbnail-overlay\"><div class=\"rbsIcons\"><i class=\"fa fa-search-plus rbsZoomIcon \" ><\/i><\/div><\/div><\/div><\/div><div class=\"rbs-img  category5766 \" ><div class=\"rbs-img-image   rbs-lightbox \" ><div class=\"rbs-img-thumbs\"  data-thumbnail=\"https:\/\/puhalskadesign.pl\/wp-content\/uploads\/2023\/08\/tele-gwiazda-new-13-615x1024.jpg\"  title=\"tele-gwiazda-new-13\"  data-width=\"615\"  data-height=\"1024\" ><\/div><div class=\"rbs-img-data-popup\"  data-popup=\"https:\/\/puhalskadesign.pl\/wp-content\/uploads\/2023\/08\/tele-gwiazda-new-13.jpg\"  title=\"tele-gwiazda-new-13\" ><\/div><div class=\"thumbnail-overlay\"><div class=\"rbsIcons\"><i class=\"fa fa-search-plus rbsZoomIcon \" ><\/i><\/div><\/div><\/div><\/div><div class=\"rbs-img  category5766 \" ><div class=\"rbs-img-image   rbs-lightbox \" ><div class=\"rbs-img-thumbs\"  data-thumbnail=\"https:\/\/puhalskadesign.pl\/wp-content\/uploads\/2023\/08\/tele-gwiazda-new-14.jpg\"  title=\"tele-gwiazda-new-14\"  data-width=\"620\"  data-height=\"1013\" ><\/div><div class=\"rbs-img-data-popup\"  data-popup=\"https:\/\/puhalskadesign.pl\/wp-content\/uploads\/2023\/08\/tele-gwiazda-new-14.jpg\"  title=\"tele-gwiazda-new-14\" ><\/div><div class=\"thumbnail-overlay\"><div class=\"rbsIcons\"><i class=\"fa fa-search-plus rbsZoomIcon \" ><\/i><\/div><\/div><\/div><\/div><div class=\"rbs-img  category5766 \" ><div class=\"rbs-img-image   rbs-lightbox \" ><div class=\"rbs-img-thumbs\"  data-thumbnail=\"https:\/\/puhalskadesign.pl\/wp-content\/uploads\/2023\/08\/tele-gwiazda-new-15-593x1024.jpg\"  title=\"tele-gwiazda-new-15\"  data-width=\"593\"  data-height=\"1024\" ><\/div><div class=\"rbs-img-data-popup\"  data-popup=\"https:\/\/puhalskadesign.pl\/wp-content\/uploads\/2023\/08\/tele-gwiazda-new-15.jpg\"  title=\"tele-gwiazda-new-15\" ><\/div><div class=\"thumbnail-overlay\"><div class=\"rbsIcons\"><i class=\"fa fa-search-plus rbsZoomIcon \" ><\/i><\/div><\/div><\/div><\/div><\/div><\/div><\/div><script>var rbs_gallery_69f3a9732e661 = {\"version\":\"5.1.4\",\"id\":5766,\"class\":\"id5766\",\"roboGalleryDelay\":1000,\"mainContainer\":\"#robo_gallery_main_block_rbs_gallery_69f3a9732e661\",\"loadingContainer\":\"#rbs_gallery_69f3a9732e661-block-loader\",\"loadingContainerObj\":\"rbs_gallery_69f3a9732e661-block-loader\",\"columnWidth\":\"auto\",\"columns\":3,\"resolutions\":[{\"columnWidth\":\"auto\",\"columns\":3,\"maxWidth\":960},{\"columnWidth\":\"auto\",\"columns\":2,\"maxWidth\":650},{\"columnWidth\":\"auto\",\"columns\":2,\"maxWidth\":450}],\"hideTitle\":true,\"lightboxOptions\":{\"gallery\":{\"enabled\":true,\"tCounter\":\"%curr% of %total%\"}},\"overlayEffect\":\"direction-aware-fade\",\"boxesToLoadStart\":20,\"boxesToLoad\":20,\"waitUntilThumbLoads\":1,\"LoadingWord\":\"Loading...\",\"loadMoreWord\":\"Load More\",\"noMoreEntriesWord\":\"No More Entries\",\"horizontalSpaceBetweenBoxes\":20,\"verticalSpaceBetweenBoxes\":20,\"lazyLoad\":1,\"wrapContainer\":\"#robo-gallery-wrap-rbs_gallery_69f3a9732e661\"};<\/script>\n<\/div><\/div><\/div><\/div><\/div><\/div><\/div><\/section><!-- Row Backgrounds --><div class=\"upb_color\" data-bg-override=\"0\" data-bg-color=\"#141413\" data-fadeout=\"\" data-fadeout-percentage=\"30\" data-parallax-content=\"\" data-parallax-content-sense=\"30\" data-row-effect-mobile-disable=\"true\" data-img-parallax-mobile-disable=\"true\" data-rtl=\"false\"  data-custom-vc-row=\"\"  data-vc=\"6.13.0\"  data-is_old_vc=\"\"  data-theme-support=\"disable\"   data-overlay=\"false\" data-overlay-color=\"\" data-overlay-pattern=\"\" data-overlay-pattern-opacity=\"\" data-overlay-pattern-size=\"\"    ><\/div>\n","protected":false},"excerpt":{"rendered":"Tele Gwiazda \u00a0 \u00a0Statuetka &#171;Tele Gwiazda&#187; to najwa\u017cniejsza nagroda telewizyjna w Ukrainie przyznawana przez widz\u00f3w za osi\u0105gni\u0119cia telewizyjne dla aktor\u00f3w, re\u017cyser\u00f3w, producent\u00f3w kinowych i telewizyjnych, prezenter\u00f3w i juror\u00f3w, a tak\u017ce dla najlepszych aktualnie seriali oraz program\u00f3w rozrywkowych.","protected":false},"author":1,"featured_media":0,"parent":0,"menu_order":0,"comment_status":"closed","ping_status":"closed","template":"","meta":{"footnotes":""},"acf":[],"_links":{"self":[{"href":"https:\/\/puhalskadesign.pl\/ru\/wp-json\/wp\/v2\/pages\/1044"}],"collection":[{"href":"https:\/\/puhalskadesign.pl\/ru\/wp-json\/wp\/v2\/pages"}],"about":[{"href":"https:\/\/puhalskadesign.pl\/ru\/wp-json\/wp\/v2\/types\/page"}],"author":[{"embeddable":true,"href":"https:\/\/puhalskadesign.pl\/ru\/wp-json\/wp\/v2\/users\/1"}],"replies":[{"embeddable":true,"href":"https:\/\/puhalskadesign.pl\/ru\/wp-json\/wp\/v2\/comments?post=1044"}],"version-history":[{"count":8,"href":"https:\/\/puhalskadesign.pl\/ru\/wp-json\/wp\/v2\/pages\/1044\/revisions"}],"predecessor-version":[{"id":7596,"href":"https:\/\/puhalskadesign.pl\/ru\/wp-json\/wp\/v2\/pages\/1044\/revisions\/7596"}],"wp:attachment":[{"href":"https:\/\/puhalskadesign.pl\/ru\/wp-json\/wp\/v2\/media?parent=1044"}],"curies":[{"name":"wp","href":"https:\/\/api.w.org\/{rel}","templated":true}]}}