{"id":1045,"date":"2017-09-11T11:05:40","date_gmt":"2017-09-11T09:05:40","guid":{"rendered":"https:\/\/puhalskadesign.pl\/?page_id=1045"},"modified":"2023-08-31T11:30:46","modified_gmt":"2023-08-31T09:30:46","slug":"o-nas","status":"publish","type":"page","link":"https:\/\/puhalskadesign.pl\/ru\/o-nas\/","title":{"rendered":"O Nas"},"content":{"rendered":"<section class=\"l-section wpb_row us_custom_b91424ac height_medium\"><div class=\"l-section-h i-cf\"><div class=\"g-cols vc_row via_flex valign_top type_default stacking_default\"><div class=\"vc_col-sm-12 wpb_column vc_column_container\"><div class=\"vc_column-inner us_custom_33fe73d0\"><div class=\"wpb_wrapper\">[vc_custom_heading text=&#187;O Nas&#187; font_container=&#187;tag:h1|text_align:left&#187; use_theme_fonts=&#187;yes&#187;]<\/div><\/div><\/div><\/div><\/div><\/section><section class=\"l-section wpb_row us_custom_19737bc8 height_medium\"><div class=\"l-section-h i-cf\"><div class=\"g-cols vc_row via_flex valign_top type_default stacking_default\"><div class=\"vc_col-sm-6 wpb_column vc_column_container\"><div class=\"vc_column-inner us_custom_33fe73d0\"><div class=\"wpb_wrapper\"><div class=\"uavc-list-icon uavc-list-icon-wrapper ult-adjust-bottom-margin   \"><ul class=\"uavc-list\"><li><div class=\"uavc-list-content\" id=\"list-icon-wrap-4181\">\n<div class=\"uavc-list-icon  \" data-animation=\"\" data-animation-delay=\"03\" style=\"margin-right:12px;\"><div class=\"ult-just-icon-wrapper  \"><div class=\"align-icon\" style=\"text-align:center;\">\n<div class=\"aio-icon none \"  style=\"color:#333333;font-size:15px;display:inline-block;\">\n\t<i class=\"Defaults-cogs gears\"><\/i>\n<\/div><\/div><\/div>\n<\/div><span  data-ultimate-target='#list-icon-wrap-4181 .uavc-list-desc'  data-responsive-json-new='{\"font-size\":\"\",\"line-height\":\"\"}'  class=\"uavc-list-desc ult-responsive\" style=\"\">Pracujemy dla Was na rynku projektowania od 2003 roku.<\/span><\/div><\/li><li><div class=\"uavc-list-content\" id=\"list-icon-wrap-7376\">\n<div class=\"uavc-list-icon  \" data-animation=\"\" data-animation-delay=\"03\" style=\"margin-right:12px;\"><div class=\"ult-just-icon-wrapper  \"><div class=\"align-icon\" style=\"text-align:center;\">\n<div class=\"aio-icon none \"  style=\"color:#333333;font-size:15px;display:inline-block;\">\n\t<i class=\"Defaults-lightbulb-o\"><\/i>\n<\/div><\/div><\/div>\n<\/div><span  data-ultimate-target='#list-icon-wrap-7376 .uavc-list-desc'  data-responsive-json-new='{\"font-size\":\"\",\"line-height\":\"\"}'  class=\"uavc-list-desc ult-responsive\" style=\"\">Zaprojektowali\u015bmy ponad 30000 metr\u00f3w kwadratowych powierzchni prywatnych i komercyjnych.<\/span><\/div><\/li><li><div class=\"uavc-list-content\" id=\"list-icon-wrap-4532\">\n<div class=\"uavc-list-icon  \" data-animation=\"\" data-animation-delay=\"03\" style=\"margin-right:12px;\"><div class=\"ult-just-icon-wrapper  \"><div class=\"align-icon\" style=\"text-align:center;\">\n<div class=\"aio-icon none \"  style=\"color:#333333;font-size:15px;display:inline-block;\">\n\t<i class=\"Defaults-pencil\"><\/i>\n<\/div><\/div><\/div>\n<\/div><span  data-ultimate-target='#list-icon-wrap-4532 .uavc-list-desc'  data-responsive-json-new='{\"font-size\":\"\",\"line-height\":\"\"}'  class=\"uavc-list-desc ult-responsive\" style=\"\">Oddali\u015bmy dla wykonawc\u00f3w blisko 12000 rysunk\u00f3w technicznych.<\/span><\/div><\/li><li><div class=\"uavc-list-content\" id=\"list-icon-wrap-3287\">\n<div class=\"uavc-list-icon  \" data-animation=\"\" data-animation-delay=\"03\" style=\"margin-right:12px;\"><div class=\"ult-just-icon-wrapper  \"><div class=\"align-icon\" style=\"text-align:center;\">\n<div class=\"aio-icon none \"  style=\"color:#333333;font-size:15px;display:inline-block;\">\n\t<i class=\"Defaults-cube\"><\/i>\n<\/div><\/div><\/div>\n<\/div><span  data-ultimate-target='#list-icon-wrap-3287 .uavc-list-desc'  data-responsive-json-new='{\"font-size\":\"\",\"line-height\":\"\"}'  class=\"uavc-list-desc ult-responsive\" style=\"\">Stworzyli\u015bmy oko\u0142o 7500 wizualizacji w 3D.<\/p>\n<\/span><\/div><\/li><\/ul><\/div><\/div><\/div><\/div><div class=\"vc_col-sm-6 wpb_column vc_column_container\"><div class=\"vc_column-inner us_custom_43a5dad5\"><div class=\"wpb_wrapper\"><div class=\"uavc-list-icon uavc-list-icon-wrapper ult-adjust-bottom-margin   \"><ul class=\"uavc-list\"><li><div class=\"uavc-list-content\" id=\"list-icon-wrap-8661\">\n<div class=\"uavc-list-icon  \" data-animation=\"\" data-animation-delay=\"03\" style=\"margin-right:12px;\"><div class=\"ult-just-icon-wrapper  \"><div class=\"align-icon\" style=\"text-align:center;\">\n<div class=\"aio-icon none \"  style=\"color:#333333;font-size:15px;display:inline-block;\">\n\t<i class=\"Defaults-clock-o\"><\/i>\n<\/div><\/div><\/div>\n<\/div><span  data-ultimate-target='#list-icon-wrap-8661 .uavc-list-desc'  data-responsive-json-new='{\"font-size\":\"\",\"line-height\":\"\"}'  class=\"uavc-list-desc ult-responsive\" style=\"\">Mamy za sob\u0105 ponad 3000 godzin nadzoru autorskiego na realizowanych inwestycjach.<\/p>\n<\/span><\/div><\/li><li><div class=\"uavc-list-content\" id=\"list-icon-wrap-9553\">\n<div class=\"uavc-list-icon  \" data-animation=\"\" data-animation-delay=\"03\" style=\"margin-right:12px;\"><div class=\"ult-just-icon-wrapper  \"><div class=\"align-icon\" style=\"text-align:center;\">\n<div class=\"aio-icon none \"  style=\"color:#333333;font-size:15px;display:inline-block;\">\n\t<i class=\"Defaults-graduation-cap mortar-board\"><\/i>\n<\/div><\/div><\/div>\n<\/div><span  data-ultimate-target='#list-icon-wrap-9553 .uavc-list-desc'  data-responsive-json-new='{\"font-size\":\"\",\"line-height\":\"\"}'  class=\"uavc-list-desc ult-responsive\" style=\"\">Odwiedzili\u015bmy \u0142\u0105cznie 120 szkole\u0144 i targ\u00f3w bran\u017cowych.<\/span><\/div><\/li><li><div class=\"uavc-list-content\" id=\"list-icon-wrap-9777\">\n<div class=\"uavc-list-icon  \" data-animation=\"\" data-animation-delay=\"03\" style=\"margin-right:12px;\"><div class=\"ult-just-icon-wrapper  \"><div class=\"align-icon\" style=\"text-align:center;\">\n<div class=\"aio-icon none \"  style=\"color:#333333;font-size:15px;display:inline-block;\">\n\t<i class=\"Defaults-check\"><\/i>\n<\/div><\/div><\/div>\n<\/div><span  data-ultimate-target='#list-icon-wrap-9777 .uavc-list-desc'  data-responsive-json-new='{\"font-size\":\"\",\"line-height\":\"\"}'  class=\"uavc-list-desc ult-responsive\" style=\"\">Udzielili\u015bmy 172 konsultacji odno\u015bnie aran\u017cacji\u00a0 wn\u0119trz<\/span><\/div><\/li><li><div class=\"uavc-list-content\" id=\"list-icon-wrap-5251\">\n<div class=\"uavc-list-icon  \" data-animation=\"\" data-animation-delay=\"03\" style=\"margin-right:12px;\"><div class=\"ult-just-icon-wrapper  \"><div class=\"align-icon\" style=\"text-align:center;\">\n<div class=\"aio-icon none \"  style=\"color:#333333;font-size:15px;display:inline-block;\">\n\t<i class=\"Defaults-globe\"><\/i>\n<\/div><\/div><\/div>\n<\/div><span  data-ultimate-target='#list-icon-wrap-5251 .uavc-list-desc'  data-responsive-json-new='{\"font-size\":\"\",\"line-height\":\"\"}'  class=\"uavc-list-desc ult-responsive\" style=\"\">Mieli\u015bmy okazj\u0119 projektowa\u0107 w 6 krajach od Azji po Ameryk\u0105 P\u00f3\u0142nocn\u0105.<\/p>\n<\/span><\/div><\/li><\/ul><\/div><\/div><\/div><\/div><\/div><\/div><\/section><section class=\"l-section wpb_row us_custom_9ebcef7b height_medium\"><div class=\"l-section-h i-cf\"><div class=\"g-cols vc_row via_flex valign_top type_default stacking_default\"><div class=\"vc_col-sm-12 wpb_column vc_column_container\"><div class=\"vc_column-inner\"><div class=\"wpb_wrapper\"><div class=\"wpb_text_column\"><div class=\"wpb_wrapper\"><p>Do\u015bwiadczenie, precyzja, dba\u0142o\u015b\u0107 o ka\u017cdy detal, nowatorskie rozwi\u0105zania, elastyczno\u015b\u0107, kreatywno\u015b\u0107 i fantazja, kt\u00f3ra nie ma granic. Wszystko to pomaga nam tworzy\u0107 ponadczasowe projekty wn\u0119trz prywatnych i komercyjnych dla naszych klient\u00f3w.<\/p>\n<\/div><\/div><\/div><\/div><\/div><\/div><\/div><\/section><section class=\"l-section wpb_row height_medium\"><div class=\"l-section-h i-cf\"><div class=\"g-cols vc_row via_flex valign_top type_default stacking_default\"><div class=\"vc_col-sm-6 wpb_column vc_column_container onas-img\"><div class=\"vc_column-inner us_custom_0ccc3812\"><div class=\"wpb_wrapper\"><div class=\"w-image us_custom_62c2f426 border-light us_animate_this align_center\"><div url class=\"w-image-h\"><img width=\"768\" height=\"1032\" src=\"https:\/\/puhalskadesign.pl\/wp-content\/uploads\/2023\/08\/tatiana-puchalska-768x1032.jpg\" class=\"attachment-us_768_0 size-us_768_0\" alt=\"\" decoding=\"async\" srcset=\"https:\/\/puhalskadesign.pl\/wp-content\/uploads\/2023\/08\/tatiana-puchalska-768x1032.jpg 768w, https:\/\/puhalskadesign.pl\/wp-content\/uploads\/2023\/08\/tatiana-puchalska-223x300.jpg 223w, https:\/\/puhalskadesign.pl\/wp-content\/uploads\/2023\/08\/tatiana-puchalska-762x1024.jpg 762w, https:\/\/puhalskadesign.pl\/wp-content\/uploads\/2023\/08\/tatiana-puchalska-600x806.jpg 600w, https:\/\/puhalskadesign.pl\/wp-content\/uploads\/2023\/08\/tatiana-puchalska.jpg 893w\" sizes=\"(max-width: 768px) 100vw, 768px\" \/><\/div><\/div><\/div><\/div><\/div><div class=\"vc_col-sm-6 wpb_column vc_column_container has_text_color\"><div class=\"vc_column-inner us_custom_6df4bc3a\"><div class=\"wpb_wrapper\">[vc_custom_heading text=&#187;O Mnie&#187; use_theme_fonts=&#187;yes&#187;]<div class=\"w-separator size_small\"><\/div><div class=\"wpb_text_column onas-sep-text-1\"><div class=\"wpb_wrapper\"><p>Od lat pomagam moim klientom znale\u017a\u0107 sw\u00f3j w\u0142asny styl. Opracowany przeze mnie indywidualny system pracy z inwestorem pozwala tworzy\u0107 wymarzon\u0105 przestrze\u0144 dom\u00f3w, mieszka\u0144, rezydencji i apartament\u00f3w, a tak\u017ce restauracji, hoteli i biur.<\/p>\n<\/div><\/div><div class=\"w-separator size_small\"><\/div><div class=\"wpb_text_column onas-sep-text-1\"><div class=\"wpb_wrapper\"><p>Z wyr\u00f3\u017cnieniem uko\u0144czy\u0142am pa\u0144stwowy Uniwersytet Kultury i Sztuki w Kijowie. Tworz\u0105c i realizuj\u0105c projekty wn\u0119trz od 2003 roku zdoby\u0142am bardzo bogate do\u015bwiadczenie zawodowe.\u00a0W 2005 roku za\u0142o\u017cy\u0142am w\u0142asne Studio projektowe Design Art Studio &#171;D.ART.S&#187;\u00a0w Kijowie. Po przeprowadzce do Polski w 2009 roku kontynuowa\u0142am dzia\u0142alno\u015b\u0107 zawodow\u0105 prowadz\u0105c pracowni\u0119 autorsk\u0105 &#171;Puhalska Design&#187;.<\/p>\n<\/div><\/div><div class=\"w-separator size_small\"><\/div><div class=\"wpb_text_column\"><div class=\"wpb_wrapper\"><p>Ka\u017cdy projekt ma serce i dusz\u0119. W odleg\u0142ych czasach XVIII-go wieku architekci wn\u0119trz pracuj\u0105c dla zamo\u017cnej klienteli, przed przygotowaniem projektu ponad rok wsp\u00f3lnie mieszkali ze swoimi klientami. To pomaga\u0142o lepiej pozna\u0107 ich upodobania i przyzwyczajenia. W dzisiejszych czasach jest to oczywi\u015bcie niemo\u017cliwe, ale obrazuje jak bardzo istotn\u0105 rzecz\u0105 jest zrozumienie i spe\u0142nienie oczekiwa\u0144 ludzi, kt\u00f3rzy chc\u0105 mieszka\u0107, odpoczywa\u0107 i pracowa\u0107 w pi\u0119knych i komfortowych wn\u0119trzach.<\/p>\n<\/div><\/div><div class=\"w-separator size_small\"><\/div><div class=\"wpb_text_column\"><div class=\"wpb_wrapper\"><p>Gdy pi\u0119kno i funkcjonalno\u015b\u0107 zderzaj\u0105 si\u0119, powstaje wyj\u0105tkowy projekt z magiczn\u0105 przestrzeni\u0105.<\/p>\n<\/div><\/div><div class=\"w-separator size_small\"><\/div><div class=\"w-image podpis align_left\"><div url class=\"w-image-h\"><img width=\"300\" height=\"52\" src=\"https:\/\/puhalskadesign.pl\/wp-content\/uploads\/2018\/01\/podpis.jpg\" class=\"attachment-full size-full\" alt=\"\" decoding=\"async\" \/><\/div><\/div><\/div><\/div><\/div><\/div><\/div><\/section><!-- Row Backgrounds --><div class=\"upb_color\" data-bg-override=\"0\" data-bg-color=\"#141413\" data-fadeout=\"\" data-fadeout-percentage=\"30\" data-parallax-content=\"\" data-parallax-content-sense=\"30\" data-row-effect-mobile-disable=\"true\" data-img-parallax-mobile-disable=\"true\" data-rtl=\"false\"  data-custom-vc-row=\"\"  data-vc=\"6.13.0\"  data-is_old_vc=\"\"  data-theme-support=\"disable\"   data-overlay=\"false\" data-overlay-color=\"\" data-overlay-pattern=\"\" data-overlay-pattern-opacity=\"\" data-overlay-pattern-size=\"\"    ><\/div><section class=\"l-section wpb_row height_medium\"><div class=\"l-section-h i-cf\"><div class=\"g-cols vc_row via_flex valign_top type_default stacking_default\"><div class=\"vc_col-sm-8 wpb_column vc_column_container has_text_color\"><div class=\"vc_column-inner us_custom_95ebd667\"><div class=\"wpb_wrapper\">[vc_custom_heading text=&#187;Tele Gwiazda&#187; use_theme_fonts=&#187;yes&#187;]<div class=\"w-separator size_small\"><\/div><div class=\"wpb_text_column\"><div class=\"wpb_wrapper\"><p style=\"text-align: justify;\">W roku 2009 wygra\u0142am presti\u017cowy konkurs na zaprojektowanie statuetki, b\u0119d\u0105cej ukrai\u0144skim odpowiednikiem Oskara. Statuetka mojego projektu co roku jest wr\u0119czana na uroczystej gali \u201eNarodna Zirka\u201d.<\/p>\n<p style=\"text-align: justify;\">W \u015bcis\u0142ym finale konkursu uczestniczy\u0142o 14 firm projektowych, dlatego zwyci\u0119stwo w tym konkursie bardzo sobie ceni\u0119 a efekty mojej pracy mog\u0105 pa\u0144stwo obejrze\u0107 w zak\u0142adce Tele Gwiazda.<\/p>\n<\/div><\/div><div class=\"w-separator size_small\"><\/div><div class=\"w-btn-wrapper align_none\"><a class=\"w-btn us-btn-style_6 butons\" href=\"\/tele-gwiazda\/\"><span class=\"w-btn-label\">Zobacz galeri\u0119<\/span><\/a><\/div><\/div><\/div><\/div><div class=\"vc_col-sm-4 wpb_column vc_column_container\"><div class=\"vc_column-inner\"><div class=\"wpb_wrapper\"><div class=\"w-image align_center us_animate_afl\" style=\"animation-delay:0.4s\"><div url class=\"w-image-h\"><img width=\"108\" height=\"342\" src=\"https:\/\/puhalskadesign.pl\/wp-content\/uploads\/2017\/04\/statuetka.png\" class=\"attachment-us_600_600_crop size-us_600_600_crop\" alt=\"\" decoding=\"async\" srcset=\"https:\/\/puhalskadesign.pl\/wp-content\/uploads\/2017\/04\/statuetka.png 108w, https:\/\/puhalskadesign.pl\/wp-content\/uploads\/2017\/04\/statuetka-95x300.png 95w\" sizes=\"(max-width: 108px) 100vw, 108px\" \/><\/div><\/div><div class=\"wpb_text_column\"><div class=\"wpb_wrapper\"><\/div><\/div><\/div><\/div><\/div><\/div><\/div><\/section><!-- Row Backgrounds --><div class=\"upb_color\" data-bg-override=\"0\" data-bg-color=\"#f0f0f0\" data-fadeout=\"\" data-fadeout-percentage=\"30\" data-parallax-content=\"\" data-parallax-content-sense=\"30\" data-row-effect-mobile-disable=\"true\" data-img-parallax-mobile-disable=\"true\" data-rtl=\"false\"  data-custom-vc-row=\"\"  data-vc=\"6.13.0\"  data-is_old_vc=\"\"  data-theme-support=\"disable\"   data-overlay=\"false\" data-overlay-color=\"\" data-overlay-pattern=\"\" data-overlay-pattern-opacity=\"\" data-overlay-pattern-size=\"\"    ><\/div>\n","protected":false},"excerpt":{"rendered":"[vc_custom_heading text=\"O Nas\" font_container=\"tag:h1|text_align:left\" use_theme_fonts=\"yes\"] Pracujemy dla Was na rynku projektowania od 2003 roku. Zaprojektowali\u015bmy ponad 30000 metr\u00f3w kwadratowych powierzchni prywatnych i komercyjnych. Oddali\u015bmy dla wykonawc\u00f3w blisko 12000 rysunk\u00f3w technicznych. Stworzyli\u015bmy oko\u0142o 7500 wizualizacji w 3D. Mamy za sob\u0105 ponad 3000 godzin nadzoru autorskiego na realizowanych inwestycjach. Odwiedzili\u015bmy \u0142\u0105cznie 120 szkole\u0144 i targ\u00f3w bran\u017cowych. Udzielili\u015bmy...","protected":false},"author":1,"featured_media":0,"parent":0,"menu_order":0,"comment_status":"closed","ping_status":"closed","template":"","meta":{"footnotes":""},"acf":[],"_links":{"self":[{"href":"https:\/\/puhalskadesign.pl\/ru\/wp-json\/wp\/v2\/pages\/1045"}],"collection":[{"href":"https:\/\/puhalskadesign.pl\/ru\/wp-json\/wp\/v2\/pages"}],"about":[{"href":"https:\/\/puhalskadesign.pl\/ru\/wp-json\/wp\/v2\/types\/page"}],"author":[{"embeddable":true,"href":"https:\/\/puhalskadesign.pl\/ru\/wp-json\/wp\/v2\/users\/1"}],"replies":[{"embeddable":true,"href":"https:\/\/puhalskadesign.pl\/ru\/wp-json\/wp\/v2\/comments?post=1045"}],"version-history":[{"count":98,"href":"https:\/\/puhalskadesign.pl\/ru\/wp-json\/wp\/v2\/pages\/1045\/revisions"}],"predecessor-version":[{"id":1051,"href":"https:\/\/puhalskadesign.pl\/ru\/wp-json\/wp\/v2\/pages\/1045\/revisions\/1051"}],"wp:attachment":[{"href":"https:\/\/puhalskadesign.pl\/ru\/wp-json\/wp\/v2\/media?parent=1045"}],"curies":[{"name":"wp","href":"https:\/\/api.w.org\/{rel}","templated":true}]}}