{"id":7548,"date":"2017-12-12T10:05:07","date_gmt":"2017-12-12T09:05:07","guid":{"rendered":"https:\/\/puhalskadesign.pl\/oferta-wspolpraca\/"},"modified":"2023-08-31T11:33:29","modified_gmt":"2023-08-31T09:33:29","slug":"oferta-wspolpraca","status":"publish","type":"page","link":"https:\/\/puhalskadesign.pl\/ru\/oferta-wspolpraca\/","title":{"rendered":"Oferta &#038; Wsp\u00f3\u0142praca RU"},"content":{"rendered":"<section class=\"l-section wpb_row height_medium\"><div class=\"l-section-h i-cf\"><div class=\"g-cols vc_row via_flex valign_middle type_default stacking_default\"><div class=\"vc_col-sm-8 wpb_column vc_column_container\"><div class=\"vc_column-inner\"><div class=\"wpb_wrapper\">[vc_custom_heading text=&#187;Oferta &amp; Wsp\u00f3\u0142praca&#187; font_container=&#187;tag:h1|text_align:left&#187; use_theme_fonts=&#187;yes&#187;]<div class=\"wpb_text_column\"><div class=\"wpb_wrapper\"><p>W naszym Studio Projektowym uwa\u017camy, i\u017c proces projektowania wn\u0119trz to po\u0142\u0105czenie kreatywno\u015bci ze strategi\u0105 dzia\u0142ania. Produktywna i dynamiczna przestrze\u0144 rodzi si\u0119 dzi\u0119ki metodzie eksploracji, burzy m\u00f3zgu, przetwarzania i filtrowania informacji przekazywanych przez inwestor\u00f3w.<\/p>\n<p>Wychodz\u0105c naprzeciw oczekiwaniom naszych klient\u00f3w tworzymy wn\u0119trza w ka\u017cdym stylu: nowoczesnym, minimalistycznym, eklektycznym, klasycznym, art deko, glamour, loft i wiele innych.<\/p>\n<p>&nbsp;<\/p>\n<p>Szczeg\u00f3\u0142y oferty <a href=\"https:\/\/puhalskadesign.pl\/oferta-wspolpraca\/wnetrza-prywatne\/\"><strong>WN\u0118TRZA PRYWATNE<\/strong><\/a><br \/>\nSzczeg\u00f3\u0142y oferty<strong> <a href=\"https:\/\/puhalskadesign.pl\/oferta-wspolpraca\/wnetrza-komercyjne\/\">WN\u0118TRZA KOMERCYJNE<\/a><\/strong><\/p>\n<\/div><\/div><\/div><\/div><\/div><div class=\"vc_col-sm-4 wpb_column vc_column_container\"><div class=\"vc_column-inner\"><div class=\"wpb_wrapper\"><div class=\"w-image us_custom_f3f68ac4 align_none us_animate_afb\"><a ref=\"magnificPopup\" href=\"https:\/\/puhalskadesign.pl\/wp-content\/uploads\/2018\/04\/Fotel.jpg\" aria-label=\"\u0421\u0441\u044b\u043b\u043a\u0430\" class=\"w-image-h\"><img width=\"1000\" height=\"1600\" src=\"https:\/\/puhalskadesign.pl\/wp-content\/uploads\/2018\/04\/Fotel.jpg\" class=\"attachment-full size-full\" alt=\"\" decoding=\"async\" srcset=\"https:\/\/puhalskadesign.pl\/wp-content\/uploads\/2018\/04\/Fotel.jpg 1000w, https:\/\/puhalskadesign.pl\/wp-content\/uploads\/2018\/04\/Fotel-188x300.jpg 188w, https:\/\/puhalskadesign.pl\/wp-content\/uploads\/2018\/04\/Fotel-768x1229.jpg 768w, https:\/\/puhalskadesign.pl\/wp-content\/uploads\/2018\/04\/Fotel-640x1024.jpg 640w, https:\/\/puhalskadesign.pl\/wp-content\/uploads\/2018\/04\/Fotel-600x960.jpg 600w\" sizes=\"(max-width: 1000px) 100vw, 1000px\" \/><\/a><\/div><\/div><\/div><\/div><\/div><\/div><\/section><section class=\"l-section wpb_row height_medium color_primary\"><div class=\"l-section-h i-cf\"><div class=\"g-cols vc_row via_flex valign_top type_default stacking_default\"><div class=\"vc_col-sm-4 wpb_column vc_column_container has_text_color\"><div class=\"vc_column-inner us_custom_6df4bc3a\"><div class=\"wpb_wrapper\"><div class=\"w-iconbox iconpos_top style_default color_custom align_center\"><div class=\"w-iconbox-icon\" style=\"font-size:32px;--icon-color:#ffffff;\"><i class=\"far fa-star\"><\/i><\/div><div class=\"w-iconbox-meta\"><h3 class=\"w-iconbox-title\">Kompleksowo\u015b\u0107<\/h3><div class=\"w-iconbox-text\"><p>W swoich wn\u0119trzach projektujemy: elektryk\u0119, akustyk\u0119, systemy wodno-kanalizacyjne i wentylacyjne, nietypowe konstrukcje \u015blusarskie. W naszej ofercie znajdziecie Pa\u0144stwo przedmioty projektowane na zam\u00f3wienie: ekskluzywne meble, o\u015bwietlenie, metaloplastyk\u0119, szk\u0142o artystyczne, dekoracje okien. Wsp\u00f3\u0142pracujemy z wieloma uznanymi firmami, kt\u00f3re pomagaj\u0105 w realizacjach najbardziej skomplikowanych projekt\u00f3w. Kompleksowo\u015b\u0107 us\u0142ugi pozwala na skuteczne zako\u0144czenie inwestycji, a sukces ka\u017cdej inwestycji to przemy\u015blany plan.<\/p>\n<\/div><\/div><\/div><\/div><\/div><\/div><div class=\"vc_col-sm-4 wpb_column vc_column_container has_text_color\"><div class=\"vc_column-inner us_custom_6df4bc3a\"><div class=\"wpb_wrapper\"><div class=\"w-iconbox iconpos_top style_default color_custom align_center\"><div class=\"w-iconbox-icon\" style=\"font-size:32px;--icon-color:#ffffff;\"><i class=\"far fa-gem\"><\/i><\/div><div class=\"w-iconbox-meta\"><h3 class=\"w-iconbox-title\">Do\u015bwiadczenie<\/h3><div class=\"w-iconbox-text\"><p>Wykonujemy projekty w r\u00f3\u017cnych stylach, jednak nie zapominamy, \u017ce \u017cyjemy w XXI wieku i du\u017cy nacisk k\u0142adziemy na wdro\u017cenie innowacyjnych technologii i materia\u0142\u00f3w w obszarze projektowania. Nawet bardzo nowoczesne i nietypowe aran\u017cacje wn\u0119trz, w swoich za\u0142o\u017ceniach powinny by\u0107 funkcjonalne i praktyczne.<\/p>\n<\/div><\/div><\/div><\/div><\/div><\/div><div class=\"vc_col-sm-4 wpb_column vc_column_container has_text_color\"><div class=\"vc_column-inner us_custom_6df4bc3a\"><div class=\"wpb_wrapper\"><div class=\"w-iconbox iconpos_top style_default color_custom align_center\"><div class=\"w-iconbox-icon\" style=\"font-size:32px;--icon-color:#ffffff;\"><i class=\"fas fa-magic\"><\/i><\/div><div class=\"w-iconbox-meta\"><h3 class=\"w-iconbox-title\">Kontrola Jako\u015bci<\/h3><div class=\"w-iconbox-text\"><p>Wi\u0119kszo\u015b\u0107 projekt\u00f3w zosta\u0142o wykonanych i wdro\u017conych kompleksowo pod nadzorem autorskim nad ich realizacj\u0105. Dzi\u0119ki temu zawsze mamy pe\u0142n\u0105 kontrol\u0119 nad wykonawcami, co z kolei pozwala na zachowanie termin\u00f3w i gwarancj\u0119 wysokiej jako\u015bci realizowanego projektu. <\/p>\n<\/div><\/div><\/div><\/div><\/div><\/div><\/div><\/div><\/section><!-- Row Backgrounds --><div class=\"upb_color\" data-bg-override=\"0\" data-bg-color=\"#141413\" data-fadeout=\"\" data-fadeout-percentage=\"30\" data-parallax-content=\"\" data-parallax-content-sense=\"30\" data-row-effect-mobile-disable=\"true\" data-img-parallax-mobile-disable=\"true\" data-rtl=\"false\"  data-custom-vc-row=\"\"  data-vc=\"6.13.0\"  data-is_old_vc=\"\"  data-theme-support=\"disable\"   data-overlay=\"false\" data-overlay-color=\"\" data-overlay-pattern=\"\" data-overlay-pattern-opacity=\"\" data-overlay-pattern-size=\"\"    ><\/div>\n","protected":false},"excerpt":{"rendered":"[vc_custom_heading text=\"Oferta &amp; Wsp\u00f3\u0142praca\" font_container=\"tag:h1|text_align:left\" use_theme_fonts=\"yes\"]W naszym Studio Projektowym uwa\u017camy, i\u017c proces projektowania wn\u0119trz to po\u0142\u0105czenie kreatywno\u015bci ze strategi\u0105 dzia\u0142ania. Produktywna i dynamiczna przestrze\u0144 rodzi si\u0119 dzi\u0119ki metodzie eksploracji, burzy m\u00f3zgu, przetwarzania i filtrowania informacji przekazywanych przez inwestor\u00f3w. Wychodz\u0105c naprzeciw oczekiwaniom naszych klient\u00f3w tworzymy wn\u0119trza w ka\u017cdym stylu: nowoczesnym, minimalistycznym, eklektycznym, klasycznym, art deko, glamour,...","protected":false},"author":1,"featured_media":0,"parent":0,"menu_order":0,"comment_status":"closed","ping_status":"closed","template":"","meta":{"footnotes":""},"acf":[],"_links":{"self":[{"href":"https:\/\/puhalskadesign.pl\/ru\/wp-json\/wp\/v2\/pages\/7548"}],"collection":[{"href":"https:\/\/puhalskadesign.pl\/ru\/wp-json\/wp\/v2\/pages"}],"about":[{"href":"https:\/\/puhalskadesign.pl\/ru\/wp-json\/wp\/v2\/types\/page"}],"author":[{"embeddable":true,"href":"https:\/\/puhalskadesign.pl\/ru\/wp-json\/wp\/v2\/users\/1"}],"replies":[{"embeddable":true,"href":"https:\/\/puhalskadesign.pl\/ru\/wp-json\/wp\/v2\/comments?post=7548"}],"version-history":[{"count":5,"href":"https:\/\/puhalskadesign.pl\/ru\/wp-json\/wp\/v2\/pages\/7548\/revisions"}],"predecessor-version":[{"id":7560,"href":"https:\/\/puhalskadesign.pl\/ru\/wp-json\/wp\/v2\/pages\/7548\/revisions\/7560"}],"wp:attachment":[{"href":"https:\/\/puhalskadesign.pl\/ru\/wp-json\/wp\/v2\/media?parent=7548"}],"curies":[{"name":"wp","href":"https:\/\/api.w.org\/{rel}","templated":true}]}}